{"id":63,"date":"2014-08-29T08:00:40","date_gmt":"2014-08-29T08:00:40","guid":{"rendered":"http:\/\/wp\/?page_id=63"},"modified":"2025-08-05T23:13:39","modified_gmt":"2025-08-05T21:13:39","slug":"impressum-datenschutz","status":"publish","type":"page","link":"https:\/\/www.it-systems-consulting.de\/index.php\/impressum-datenschutz\/","title":{"rendered":"Impressum &#038; Datenschutz"},"content":{"rendered":"<div id='full_slider_1'  class='avia-fullwidth-slider main_color avia-shadow   avia-builder-el-0  el_before_av_section  avia-builder-el-first   container_wrap sidebar_right'  >\n<style type=\"text\/css\" data-created_by=\"avia_inline_auto\" id=\"style-css-av-lctdanpl-d02f80dbf1394991ef14c57115e21938\">\n#top #wrap_all .avia-slideshow .av-slideshow-caption.av-lctdanpl-d02f80dbf1394991ef14c57115e21938__0 .avia-caption-title{\nfont-size:60px;\n}\n\n@media only screen and (min-width: 768px) and (max-width: 989px){ \n#top #wrap_all .avia-slideshow .av-slideshow-caption.av-lctdanpl-d02f80dbf1394991ef14c57115e21938__0 .avia-caption-title{\nfont-size:48px;\n}\n}\n\n@media only screen and (min-width: 480px) and (max-width: 767px){ \n#top #wrap_all .avia-slideshow .av-slideshow-caption.av-lctdanpl-d02f80dbf1394991ef14c57115e21938__0 .avia-caption-title{\nfont-size:36px;\n}\n#top .avia-slideshow .av-slideshow-caption.av-lctdanpl-d02f80dbf1394991ef14c57115e21938__0 .avia-caption-content{\nfont-size:18px;\n}\n#top .avia-slideshow .av-slideshow-caption.av-lctdanpl-d02f80dbf1394991ef14c57115e21938__0 .avia-caption-content p{\nfont-size:18px;\n}\n}\n\n@media only screen and (max-width: 479px){ \n#top #wrap_all .avia-slideshow .av-slideshow-caption.av-lctdanpl-d02f80dbf1394991ef14c57115e21938__0 .avia-caption-title{\nfont-size:30px;\n}\n#top .avia-slideshow .av-slideshow-caption.av-lctdanpl-d02f80dbf1394991ef14c57115e21938__0 .avia-caption-content{\nfont-size:16px;\n}\n#top .avia-slideshow .av-slideshow-caption.av-lctdanpl-d02f80dbf1394991ef14c57115e21938__0 .avia-caption-content p{\nfont-size:16px;\n}\n}\n<\/style>\n<div  class='avia-slideshow av-lctdanpl-d02f80dbf1394991ef14c57115e21938 avia-slideshow-no scaling av_slideshow_full avia-slide-slider av-slideshow-ui av-control-default av-slideshow-manual av-loop-once av-loop-manual-endless av-default-height-applied   avia-slideshow-1' data-slideshow-options=\"{&quot;animation&quot;:&quot;slide&quot;,&quot;autoplay&quot;:false,&quot;loop_autoplay&quot;:&quot;once&quot;,&quot;interval&quot;:5,&quot;loop_manual&quot;:&quot;manual-endless&quot;,&quot;autoplay_stopper&quot;:false,&quot;noNavigation&quot;:false,&quot;bg_slider&quot;:false,&quot;keep_padding&quot;:false,&quot;hoverpause&quot;:false,&quot;show_slide_delay&quot;:0}\"  itemprop=\"image\" itemscope=\"itemscope\" itemtype=\"https:\/\/schema.org\/ImageObject\" ><ul class='avia-slideshow-inner ' style='padding-bottom: 23.4375%;'><li  class='avia-slideshow-slide av-lctdanpl-d02f80dbf1394991ef14c57115e21938__0  av-single-slide slide-1 slide-odd'><div data-rel='slideshow-1' class='avia-slide-wrap '   ><img decoding=\"async\" class=\"wp-image-854 avia-img-lazy-loading-not-854\"  src=\"https:\/\/www.it-systems-consulting.de\/wp-content\/uploads\/2023\/02\/inner-banner-2.jpg\" width=\"1920\" height=\"450\" title='' alt=''  itemprop=\"thumbnailUrl\" srcset=\"https:\/\/www.it-systems-consulting.de\/wp-content\/uploads\/2023\/02\/inner-banner-2.jpg 1920w, https:\/\/www.it-systems-consulting.de\/wp-content\/uploads\/2023\/02\/inner-banner-2-300x70.jpg 300w, https:\/\/www.it-systems-consulting.de\/wp-content\/uploads\/2023\/02\/inner-banner-2-1030x241.jpg 1030w, https:\/\/www.it-systems-consulting.de\/wp-content\/uploads\/2023\/02\/inner-banner-2-768x180.jpg 768w, https:\/\/www.it-systems-consulting.de\/wp-content\/uploads\/2023\/02\/inner-banner-2-1536x360.jpg 1536w, https:\/\/www.it-systems-consulting.de\/wp-content\/uploads\/2023\/02\/inner-banner-2-1500x352.jpg 1500w, https:\/\/www.it-systems-consulting.de\/wp-content\/uploads\/2023\/02\/inner-banner-2-705x165.jpg 705w\" sizes=\"(max-width: 1920px) 100vw, 1920px\" \/><\/div><\/li><\/ul><\/div><\/div>\n<div id='av_section_1'  class='avia-section av-h6z87-085a0e6856f4c7e2957a56a7da769836 main_color avia-section-large avia-no-border-styling  avia-builder-el-1  el_after_av_slideshow_full  el_before_av_section  avia-bg-style-scroll container_wrap sidebar_right'  ><div class='container av-section-cont-open' ><div class='template-page content  av-content-small alpha units'><div class='post-entry post-entry-type-page post-entry-63'><div class='entry-content-wrapper clearfix'>\n\n<style type=\"text\/css\" data-created_by=\"avia_inline_auto\" id=\"style-css-av-lctdb0zv-da2d97df2422858111503dfb65b18fff\">\n#top .av-special-heading.av-lctdb0zv-da2d97df2422858111503dfb65b18fff{\npadding-bottom:20px;\n}\nbody .av-special-heading.av-lctdb0zv-da2d97df2422858111503dfb65b18fff .av-special-heading-tag .heading-char{\nfont-size:25px;\n}\n.av-special-heading.av-lctdb0zv-da2d97df2422858111503dfb65b18fff .av-subheading{\nfont-size:15px;\n}\n<\/style>\n<div  class='av-special-heading av-lctdb0zv-da2d97df2422858111503dfb65b18fff av-special-heading-h2 blockquote modern-quote  avia-builder-el-2  el_before_av_one_third  avia-builder-el-first '><h2 class='av-special-heading-tag'  itemprop=\"headline\"  >Impressum<\/h2><div class=\"special-heading-border\"><div class=\"special-heading-inner-border\"><\/div><\/div><\/div>\n<div class='flex_column av-gnuhr-86b4024cc170ae83e981933963272cf4 av_one_third  avia-builder-el-3  el_after_av_heading  el_before_av_one_third  first flex_column_div '     ><style type=\"text\/css\" data-created_by=\"avia_inline_auto\" id=\"style-css-av-lctdbmle-fcf67352c25ad84825e2aab5061d2c7c\">\n#top .av_textblock_section.av-lctdbmle-fcf67352c25ad84825e2aab5061d2c7c .avia_textblock{\nfont-size:16px;\n}\n<\/style>\n<section  class='av_textblock_section av-lctdbmle-fcf67352c25ad84825e2aab5061d2c7c'  itemscope=\"itemscope\" itemtype=\"https:\/\/schema.org\/CreativeWork\" ><div class='avia_textblock'  itemprop=\"text\" ><p>ITSC IT Systems Consulting GmbH<br \/>\nSchwalbenweg 4<br \/>\n71157 Hildrizhausen<br \/>\nGesch\u00e4ftsf\u00fchrer: Raimund H\u00f6lle<\/p>\n<\/div><\/section><\/div><div class='flex_column av-1mffz-5063be0c16bc4aaba33ae2ddd5308bff av_one_third  avia-builder-el-5  el_after_av_one_third  el_before_av_one_third  flex_column_div '     ><style type=\"text\/css\" data-created_by=\"avia_inline_auto\" id=\"style-css-av-ldj6k17q-4d48df2e684f95715c11d21f6d57a556\">\n#top .av_textblock_section.av-ldj6k17q-4d48df2e684f95715c11d21f6d57a556 .avia_textblock{\nfont-size:16px;\n}\n<\/style>\n<section  class='av_textblock_section av-ldj6k17q-4d48df2e684f95715c11d21f6d57a556'  itemscope=\"itemscope\" itemtype=\"https:\/\/schema.org\/CreativeWork\" ><div class='avia_textblock'  itemprop=\"text\" ><p>Telefon: 07034 \/ 993322<br \/>\nFax: 07034 \/ 993323<br \/>\nE-Mail: <a href=\"mailto:kontakt@it-systems-consulting.de\">kontakt@it-systems-consulting.de<\/a><\/p>\n<\/div><\/section><\/div><div class='flex_column av-16h4z-28ee1224d006dbca1a137fe78bec0e00 av_one_third  avia-builder-el-7  el_after_av_one_third  avia-builder-el-last  flex_column_div '     ><style type=\"text\/css\" data-created_by=\"avia_inline_auto\" id=\"style-css-av-ldj6k96u-2e5e24319d04549c808803aa4d9c3ffd\">\n#top .av_textblock_section.av-ldj6k96u-2e5e24319d04549c808803aa4d9c3ffd .avia_textblock{\nfont-size:16px;\n}\n<\/style>\n<section  class='av_textblock_section av-ldj6k96u-2e5e24319d04549c808803aa4d9c3ffd'  itemscope=\"itemscope\" itemtype=\"https:\/\/schema.org\/CreativeWork\" ><div class='avia_textblock'  itemprop=\"text\" ><p>Handelsregister: Amtsgericht Stuttgart<br \/>\nRegisternummer: HRB 794071<br \/>\nUSt-IdNr.: DE367351351<\/p>\n<\/div><\/section><\/div><\/div><\/div><\/div><!-- close content main div --><\/div><\/div><div id='av_section_2'  class='avia-section av-ldq9yspr-e5c05783ed1cf4e065339b6cb1d4fea1 main_color avia-section-no-padding avia-no-border-styling  avia-builder-el-9  el_after_av_section  avia-builder-el-last  avia-bg-style-scroll container_wrap sidebar_right'  ><div class='container av-section-cont-open' ><div class='template-page content  av-content-small alpha units'><div class='post-entry post-entry-type-page post-entry-63'><div class='entry-content-wrapper clearfix'>\n\n<style type=\"text\/css\" data-created_by=\"avia_inline_auto\" id=\"style-css-av-4i1dr-a7c957bac6c27c256cdac35c5f300acd\">\n#top .av-special-heading.av-4i1dr-a7c957bac6c27c256cdac35c5f300acd{\npadding-bottom:40px;\n}\nbody .av-special-heading.av-4i1dr-a7c957bac6c27c256cdac35c5f300acd .av-special-heading-tag .heading-char{\nfont-size:25px;\n}\n.av-special-heading.av-4i1dr-a7c957bac6c27c256cdac35c5f300acd .av-subheading{\nfont-size:15px;\n}\n<\/style>\n<div  class='av-special-heading av-4i1dr-a7c957bac6c27c256cdac35c5f300acd av-special-heading-h2 blockquote modern-quote  avia-builder-el-10  el_before_av_one_half  avia-builder-el-first  haftungsausschluss'><h2 class='av-special-heading-tag'  itemprop=\"headline\"  >Haftungsausschluss<\/h2><div class=\"special-heading-border\"><div class=\"special-heading-inner-border\"><\/div><\/div><\/div>\n<div class='flex_column av-3s4z3-661d626e676cdcab3e255ca1cd3f9112 av_one_half  avia-builder-el-11  el_after_av_heading  el_before_av_one_half  first flex_column_div '     ><p>\n<style type=\"text\/css\" data-created_by=\"avia_inline_auto\" id=\"style-css-av-3c8lj-822bb66eb2aa831148c5c37c27144eab\">\n#top .av-special-heading.av-3c8lj-822bb66eb2aa831148c5c37c27144eab{\nmargin:0 0 0 0;\npadding-bottom:10px;\n}\nbody .av-special-heading.av-3c8lj-822bb66eb2aa831148c5c37c27144eab .av-special-heading-tag .heading-char{\nfont-size:25px;\n}\n.av-special-heading.av-3c8lj-822bb66eb2aa831148c5c37c27144eab .av-subheading{\nfont-size:15px;\n}\n<\/style>\n<div  class='av-special-heading av-3c8lj-822bb66eb2aa831148c5c37c27144eab av-special-heading-h3 blockquote modern-quote  avia-builder-el-12  el_before_av_textblock  avia-builder-el-first '><h3 class='av-special-heading-tag'  itemprop=\"headline\"  >Urheberrecht<\/h3><div class=\"special-heading-border\"><div class=\"special-heading-inner-border\"><\/div><\/div><\/div><br \/>\n\n<style type=\"text\/css\" data-created_by=\"avia_inline_auto\" id=\"style-css-av-2wejb-14bba18cc61c92ff383dff16efca1ce1\">\n#top .av_textblock_section.av-2wejb-14bba18cc61c92ff383dff16efca1ce1 .avia_textblock{\nfont-size:16px;\n}\n<\/style>\n<section  class='av_textblock_section av-2wejb-14bba18cc61c92ff383dff16efca1ce1'  itemscope=\"itemscope\" itemtype=\"https:\/\/schema.org\/CreativeWork\" ><div class='avia_textblock'  itemprop=\"text\" ><p>Die durch die Seitenbetreiber erstellten Inhalte und Werke auf diesen Seiten unterliegen dem deutschen Urheberrecht. Die Vervielf\u00e4ltigung, Bearbeitung, Verbreitung und jede Art der Verwertung au\u00dferhalb der Grenzen des Urheberrechtes bed\u00fcrfen der schriftlichen Zustimmung des jeweiligen Autors bzw. Erstellers. Downloads und Kopien dieser Seite sind nur f\u00fcr den privaten, nicht kommerziellen Gebrauch gestattet.<\/p>\n<p>Soweit die Inhalte auf dieser Seite nicht vom Betreiber erstellt wurden, werden die Urheberrechte Dritter beachtet. Insbesondere werden Inhalte Dritter als solche gekennzeichnet. Sollten Sie trotzdem auf eine Urheberrechtsverletzung aufmerksam werden, bitten wir um einen entsprechenden Hinweis. Bei Bekanntwerden von Rechtsverletzungen werden wir derartige Inhalte umgehend entfernen.<\/p>\n<\/div><\/section><\/p><\/div><div class='flex_column av-236lv-b57d8f8b93f578a6a06121c4f69180e9 av_one_half  avia-builder-el-14  el_after_av_one_half  el_before_av_one_half  flex_column_div '     ><p>\n<style type=\"text\/css\" data-created_by=\"avia_inline_auto\" id=\"style-css-av-vj5n-9647c15828030f7b1048c8e3e748609e\">\n#top .av-special-heading.av-vj5n-9647c15828030f7b1048c8e3e748609e{\nmargin:0 0 0 0;\npadding-bottom:10px;\n}\nbody .av-special-heading.av-vj5n-9647c15828030f7b1048c8e3e748609e .av-special-heading-tag .heading-char{\nfont-size:25px;\n}\n.av-special-heading.av-vj5n-9647c15828030f7b1048c8e3e748609e .av-subheading{\nfont-size:15px;\n}\n<\/style>\n<div  class='av-special-heading av-vj5n-9647c15828030f7b1048c8e3e748609e av-special-heading-h3 blockquote modern-quote  avia-builder-el-15  el_before_av_textblock  avia-builder-el-first '><h3 class='av-special-heading-tag'  itemprop=\"headline\"  >Datenschutz<\/h3><div class=\"special-heading-border\"><div class=\"special-heading-inner-border\"><\/div><\/div><\/div><br \/>\n\n<style type=\"text\/css\" data-created_by=\"avia_inline_auto\" id=\"style-css-av-1zgt7-d4707d5d4095da9d597bc1ef31f6e330\">\n#top .av_textblock_section.av-1zgt7-d4707d5d4095da9d597bc1ef31f6e330 .avia_textblock{\nfont-size:16px;\n}\n<\/style>\n<section  class='av_textblock_section av-1zgt7-d4707d5d4095da9d597bc1ef31f6e330'  itemscope=\"itemscope\" itemtype=\"https:\/\/schema.org\/CreativeWork\" ><div class='avia_textblock'  itemprop=\"text\" ><p>Die Nutzung unserer Webseite ist in der Regel ohne Angabe personenbezogener Daten m\u00f6glich. Soweit auf unseren Seiten personenbezogene Daten (beispielsweise Name, Anschrift oder eMail-Adressen) erhoben werden, erfolgt dies, soweit m\u00f6glich, stets auf freiwilliger Basis. Diese Daten werden ohne Ihre ausdr\u00fcckliche Zustimmung nicht an Dritte weitergegeben.<\/p>\n<p>Wir weisen darauf hin, dass die Daten\u00fcbertragung im Internet (z.B. bei der Kommunikation per E-Mail) Sicherheitsl\u00fccken aufweisen kann. Ein l\u00fcckenloser Schutz der Daten vor dem Zugriff durch Dritte ist nicht m\u00f6glich.<\/p>\n<p>Der Nutzung von im Rahmen der Impressumspflicht ver\u00f6ffentlichten Kontaktdaten durch Dritte zur \u00dcbersendung von nicht ausdr\u00fccklich angeforderter Werbung und Informationsmaterialien wird hiermit ausdr\u00fccklich widersprochen. Die Betreiber der Seiten behalten sich ausdr\u00fccklich rechtliche Schritte im Falle der unverlangten Zusendung von Werbeinformationen, etwa durch Spam-Mails, vor.<\/p>\n<\/div><\/section><\/p><\/div><div class='flex_column av-1dvkn-2ba72941d1a00218c393822da58d1f15 av_one_half  avia-builder-el-17  el_after_av_one_half  el_before_av_hr  first flex_column_div column-top-margin'     ><p>\n<style type=\"text\/css\" data-created_by=\"avia_inline_auto\" id=\"style-css-av-sx0r-fcd76efef5977e8343bd601bf7457922\">\n#top .av-special-heading.av-sx0r-fcd76efef5977e8343bd601bf7457922{\nmargin:0 0 0 0;\npadding-bottom:10px;\n}\nbody .av-special-heading.av-sx0r-fcd76efef5977e8343bd601bf7457922 .av-special-heading-tag .heading-char{\nfont-size:25px;\n}\n.av-special-heading.av-sx0r-fcd76efef5977e8343bd601bf7457922 .av-subheading{\nfont-size:15px;\n}\n<\/style>\n<div  class='av-special-heading av-sx0r-fcd76efef5977e8343bd601bf7457922 av-special-heading-h3 blockquote modern-quote  avia-builder-el-18  el_before_av_textblock  avia-builder-el-first '><h3 class='av-special-heading-tag'  itemprop=\"headline\"  >Quellenverzeichnis der verwendeten Bilder und Icons<\/h3><div class=\"special-heading-border\"><div class=\"special-heading-inner-border\"><\/div><\/div><\/div><br \/>\n\n<style type=\"text\/css\" data-created_by=\"avia_inline_auto\" id=\"style-css-av-sp87-67dac5483cb883d6cd8d4e93e42773d0\">\n#top .av_textblock_section.av-sp87-67dac5483cb883d6cd8d4e93e42773d0 .avia_textblock{\nfont-size:16px;\n}\n<\/style>\n<section  class='av_textblock_section av-sp87-67dac5483cb883d6cd8d4e93e42773d0'  itemscope=\"itemscope\" itemtype=\"https:\/\/schema.org\/CreativeWork\" ><div class='avia_textblock'  itemprop=\"text\" ><p>Der Webauftritt verwendet die folgenden Bilder und Icons:<\/p>\n<p>483545014 \u00a9 tippapatt \/\u00a0<a href=\"https:\/\/stock.adobe.com\/\">stock.adobe.com<\/a><br \/>\n497926365 \u00a9 tippapatt \/\u00a0<a href=\"https:\/\/stock.adobe.com\/\">stock.adobe.com<\/a><br \/>\n497926575 \u00a9 tippapatt \/\u00a0<a href=\"https:\/\/stock.adobe.com\/\">stock.adobe.com<\/a><br \/>\n502327513 \u00a9 Lemonsoup14 \/\u00a0<a href=\"https:\/\/stock.adobe.com\/\">stock.adobe.com<\/a><br \/>\n556197614 \u00a9 Uimega.com \/\u00a0<a href=\"https:\/\/stock.adobe.com\/\">stock.adobe.com<\/a><br \/>\n563275425 \u00a9 Kiattisak \/\u00a0<a href=\"https:\/\/stock.adobe.com\/\">stock.adobe.com<\/a><br \/>\n566340009 \u00a9\u00a0vegefox.com\u00a0\/\u00a0<a href=\"https:\/\/stock.adobe.com\/\">stock.adobe.com<\/a><br \/>\n555641760 \u00a9 Gorodenkoff \/\u00a0<a href=\"https:\/\/stock.adobe.com\/\">stock.adobe.com<\/a><br \/>\n1312386612 \u00a9 Yevhen Lahunov \/ <a href=\"https:\/\/istockphoto.com\/\">istockphoto.com<\/a><br \/>\n909157366 \u00a9 artisteer \/ <a href=\"https:\/\/istockphoto.com\/\">istockphoto.com<\/a><\/p>\n<p><a title=\"codeicons\" href=\"https:\/\/www.flaticon.com\/free-icons\/code\">Code icons created by Freepik &#8211; Flaticon<\/a><br \/>\n<a title=\"configuration icons\" href=\"https:\/\/www.flaticon.com\/free-icons\/configuration\">Configuration icons created by Prosymbols Premium &#8211; Flaticon<\/a><br \/>\n<a title=\"leaficons\" href=\"https:\/\/www.flaticon.com\/free-icons\/leaf\">Leaf icons created by Freepik &#8211; Flaticon<\/a><br \/>\n<a title=\"dataicons\" href=\"https:\/\/www.flaticon.com\/free-icons\/data\">Data icons created by Freepik &#8211; Flaticon<\/a><\/p>\n<p>Entypo pictograms by Daniel Bruce \u2014 <a href=\"https:\/\/www.entypo.com\/\">www.entypo.com<\/a><\/p>\n<\/div><\/section><\/p><\/div>\n<style type=\"text\/css\" data-created_by=\"avia_inline_auto\" id=\"style-css-av-ldqb5x3c-80b20cd0936cc49f9b0fb3eddfafe210\">\n#top .hr.hr-invisible.av-ldqb5x3c-80b20cd0936cc49f9b0fb3eddfafe210{\nheight:80px;\n}\n<\/style>\n<div  class='hr av-ldqb5x3c-80b20cd0936cc49f9b0fb3eddfafe210 hr-invisible  avia-builder-el-20  el_after_av_one_half  avia-builder-el-last '><span class='hr-inner '><span class=\"hr-inner-style\"><\/span><\/span><\/div>\n<\/div><\/div><\/div><!-- close content main div --><\/div><\/div><div id='after_section_2'  class='main_color av_default_container_wrap container_wrap sidebar_right'  ><div class='container av-section-cont-open' ><div class='template-page content  av-content-small alpha units'><div class='post-entry post-entry-type-page post-entry-63'><div class='entry-content-wrapper clearfix'><\/p>\n","protected":false},"excerpt":{"rendered":"","protected":false},"author":4,"featured_media":0,"parent":0,"menu_order":0,"comment_status":"open","ping_status":"open","template":"","meta":{"inline_featured_image":false,"footnotes":""},"class_list":["post-63","page","type-page","status-publish","hentry"],"_links":{"self":[{"href":"https:\/\/www.it-systems-consulting.de\/index.php\/wp-json\/wp\/v2\/pages\/63","targetHints":{"allow":["GET"]}}],"collection":[{"href":"https:\/\/www.it-systems-consulting.de\/index.php\/wp-json\/wp\/v2\/pages"}],"about":[{"href":"https:\/\/www.it-systems-consulting.de\/index.php\/wp-json\/wp\/v2\/types\/page"}],"author":[{"embeddable":true,"href":"https:\/\/www.it-systems-consulting.de\/index.php\/wp-json\/wp\/v2\/users\/4"}],"replies":[{"embeddable":true,"href":"https:\/\/www.it-systems-consulting.de\/index.php\/wp-json\/wp\/v2\/comments?post=63"}],"version-history":[{"count":23,"href":"https:\/\/www.it-systems-consulting.de\/index.php\/wp-json\/wp\/v2\/pages\/63\/revisions"}],"predecessor-version":[{"id":1088,"href":"https:\/\/www.it-systems-consulting.de\/index.php\/wp-json\/wp\/v2\/pages\/63\/revisions\/1088"}],"wp:attachment":[{"href":"https:\/\/www.it-systems-consulting.de\/index.php\/wp-json\/wp\/v2\/media?parent=63"}],"curies":[{"name":"wp","href":"https:\/\/api.w.org\/{rel}","templated":true}]}}