{"id":548,"date":"2023-01-29T09:10:33","date_gmt":"2023-01-29T09:10:33","guid":{"rendered":"http:\/\/website.lmprojekte.de\/ITSystemsConsultingRaimund\/?page_id=548"},"modified":"2023-07-15T08:17:41","modified_gmt":"2023-07-15T06:17:41","slug":"renaissance","status":"publish","type":"page","link":"https:\/\/www.it-systems-consulting.de\/index.php\/renaissance\/","title":{"rendered":"Renaissance"},"content":{"rendered":"<div id='full_slider_1'  class='avia-fullwidth-slider main_color avia-shadow   avia-builder-el-0  el_before_av_section  avia-builder-el-first   container_wrap sidebar_right'  >\n<style type=\"text\/css\" data-created_by=\"avia_inline_auto\" id=\"style-css-av-hqr0s-8bc58f8bbb70cdb882fd9104af83be06\">\n#top #wrap_all .avia-slideshow .av-slideshow-caption.av-hqr0s-8bc58f8bbb70cdb882fd9104af83be06__0 .avia-caption-title{\nfont-size:60px;\n}\n\n@media only screen and (min-width: 768px) and (max-width: 989px){ \n#top #wrap_all .avia-slideshow .av-slideshow-caption.av-hqr0s-8bc58f8bbb70cdb882fd9104af83be06__0 .avia-caption-title{\nfont-size:48px;\n}\n}\n\n@media only screen and (min-width: 480px) and (max-width: 767px){ \n#top #wrap_all .avia-slideshow .av-slideshow-caption.av-hqr0s-8bc58f8bbb70cdb882fd9104af83be06__0 .avia-caption-title{\nfont-size:36px;\n}\n#top .avia-slideshow .av-slideshow-caption.av-hqr0s-8bc58f8bbb70cdb882fd9104af83be06__0 .avia-caption-content{\nfont-size:18px;\n}\n#top .avia-slideshow .av-slideshow-caption.av-hqr0s-8bc58f8bbb70cdb882fd9104af83be06__0 .avia-caption-content p{\nfont-size:18px;\n}\n}\n\n@media only screen and (max-width: 479px){ \n#top #wrap_all .avia-slideshow .av-slideshow-caption.av-hqr0s-8bc58f8bbb70cdb882fd9104af83be06__0 .avia-caption-title{\nfont-size:30px;\n}\n#top .avia-slideshow .av-slideshow-caption.av-hqr0s-8bc58f8bbb70cdb882fd9104af83be06__0 .avia-caption-content{\nfont-size:16px;\n}\n#top .avia-slideshow .av-slideshow-caption.av-hqr0s-8bc58f8bbb70cdb882fd9104af83be06__0 .avia-caption-content p{\nfont-size:16px;\n}\n}\n<\/style>\n<div  class='avia-slideshow av-hqr0s-8bc58f8bbb70cdb882fd9104af83be06 avia-slideshow-no scaling av_slideshow_full avia-slide-slider av-slideshow-ui av-control-default av-slideshow-manual av-loop-once av-loop-manual-endless av-default-height-applied   avia-slideshow-1' data-slideshow-options=\"{&quot;animation&quot;:&quot;slide&quot;,&quot;autoplay&quot;:false,&quot;loop_autoplay&quot;:&quot;once&quot;,&quot;interval&quot;:5,&quot;loop_manual&quot;:&quot;manual-endless&quot;,&quot;autoplay_stopper&quot;:false,&quot;noNavigation&quot;:false,&quot;bg_slider&quot;:false,&quot;keep_padding&quot;:false,&quot;hoverpause&quot;:false,&quot;show_slide_delay&quot;:0}\"  itemprop=\"image\" itemscope=\"itemscope\" itemtype=\"https:\/\/schema.org\/ImageObject\" ><ul class='avia-slideshow-inner ' style='padding-bottom: 24.311183144246%;'><li  class='avia-slideshow-slide av-hqr0s-8bc58f8bbb70cdb882fd9104af83be06__0  av-single-slide slide-1 slide-odd'><div data-rel='slideshow-1' class='avia-slide-wrap '   ><img decoding=\"async\" class=\"wp-image-1014 avia-img-lazy-loading-not-1014\"  src=\"https:\/\/www.it-systems-consulting.de\/wp-content\/uploads\/2023\/07\/inner-banner-3.jpg\" width=\"1851\" height=\"450\" title='Evolution of a butterfly in a digital futuristic style. Insect life cycle, transformation from caterpillar to butterfly. The concept of a successful startup or investment or business transformation' alt=''  itemprop=\"thumbnailUrl\" srcset=\"https:\/\/www.it-systems-consulting.de\/wp-content\/uploads\/2023\/07\/inner-banner-3.jpg 1851w, https:\/\/www.it-systems-consulting.de\/wp-content\/uploads\/2023\/07\/inner-banner-3-300x73.jpg 300w, https:\/\/www.it-systems-consulting.de\/wp-content\/uploads\/2023\/07\/inner-banner-3-1030x250.jpg 1030w, https:\/\/www.it-systems-consulting.de\/wp-content\/uploads\/2023\/07\/inner-banner-3-768x187.jpg 768w, https:\/\/www.it-systems-consulting.de\/wp-content\/uploads\/2023\/07\/inner-banner-3-1536x373.jpg 1536w, https:\/\/www.it-systems-consulting.de\/wp-content\/uploads\/2023\/07\/inner-banner-3-1500x365.jpg 1500w, https:\/\/www.it-systems-consulting.de\/wp-content\/uploads\/2023\/07\/inner-banner-3-705x171.jpg 705w\" sizes=\"(max-width: 1851px) 100vw, 1851px\" \/><\/div><\/li><\/ul><\/div><\/div>\n<div id='av_section_1'  class='avia-section av-z8tw4-9bb61d50a5c4f91fd369a51585f7b8f9 main_color avia-section-large avia-no-border-styling  avia-builder-el-1  el_after_av_slideshow_full  avia-builder-el-last  avia-bg-style-scroll container_wrap sidebar_right'  ><div class='container av-section-cont-open' ><div class='template-page content  av-content-small alpha units'><div class='post-entry post-entry-type-page post-entry-548'><div class='entry-content-wrapper clearfix'>\n<div class='flex_column av-omo6c-e7e114f00e36baf8adadf371d38c4dab av_one_half  avia-builder-el-2  el_before_av_one_half  avia-builder-el-first  first flex_column_div avia-link-column av-column-link '    data-link-column-url=\"https:\/\/www.it-systems-consulting.de\/index.php\/kompetenz\/\"   ><a class=\"av-screen-reader-only\" href=https:\/\/www.it-systems-consulting.de\/index.php\/kompetenz\/ >Link zu:Kompetenz<\/a><p>\n<style type=\"text\/css\" data-created_by=\"avia_inline_auto\" id=\"style-css-av-ldh5vvwz-66abec482906bff403a3d83a7b32421a\">\n#top .av-special-heading.av-ldh5vvwz-66abec482906bff403a3d83a7b32421a{\npadding-bottom:10px;\n}\nbody .av-special-heading.av-ldh5vvwz-66abec482906bff403a3d83a7b32421a .av-special-heading-tag .heading-char{\nfont-size:25px;\n}\n.av-special-heading.av-ldh5vvwz-66abec482906bff403a3d83a7b32421a .av-subheading{\nfont-size:15px;\n}\n<\/style>\n<div  class='av-special-heading av-ldh5vvwz-66abec482906bff403a3d83a7b32421a av-special-heading-h2 blockquote modern-quote  avia-builder-el-3  el_before_av_textblock  avia-builder-el-first '><h2 class='av-special-heading-tag'  itemprop=\"headline\"  >Renaissance<\/h2><div class=\"special-heading-border\"><div class=\"special-heading-inner-border\"><\/div><\/div><\/div><br \/>\n\n<style type=\"text\/css\" data-created_by=\"avia_inline_auto\" id=\"style-css-av-iregs-eb32107f4f23eeb9db64f783698497d7\">\n#top .av_textblock_section.av-iregs-eb32107f4f23eeb9db64f783698497d7 .avia_textblock{\nfont-size:16px;\n}\n<\/style>\n<section  class='av_textblock_section av-iregs-eb32107f4f23eeb9db64f783698497d7'  itemscope=\"itemscope\" itemtype=\"https:\/\/schema.org\/CreativeWork\" ><div class='avia_textblock'  itemprop=\"text\" ><p style=\"text-align: left;\"><em>Wir begleiten Sie sowohl bei kompletten Neuentwicklungen wie auch bei der Abl\u00f6sung von Altsystemen inklusive Daten\u00fcbernahme.<\/em><\/p>\n<\/div><\/section><br \/>\n<section  class='av_textblock_section av-ljua1spt-08cb95837adc9cbf31522e937834533a'  itemscope=\"itemscope\" itemtype=\"https:\/\/schema.org\/CreativeWork\" ><div class='avia_textblock'  itemprop=\"text\" ><p>In einer idealen Welt w\u00fcrde jedes Software-Projekt immer die optimale L\u00f6sung liefern, ohne Altlasten und Abh\u00e4ngigkeiten zu Fremdsystemen ber\u00fccksichtigen zu m\u00fcssen.<\/p>\n<p>Leider sieht es in der Praxis anders aus. Meist gibt es Vorg\u00e4ngersysteme, von denen zumindest die Daten migriert werden m\u00fcssen. Oft k\u00f6nnen diese Systeme auch nicht vollst\u00e4ndig abgel\u00f6st werden &#8211; sei es wegen spezieller Abh\u00e4ngigkeiten oder auch aus Budget-Gr\u00fcnden.<\/p>\n<p>Wir haben langj\u00e4hrige Erfahrung bei der Abl\u00f6sung solcher &#8222;legacy systems&#8220; durch und Integration mit moderner Software und kennen die &#8222;best practices&#8220; f\u00fcr die Auswahl des passenden Software-Stacks sowie der notwendigen Integrations- und Schnittstellentechniken.<\/p>\n<\/div><\/section><\/p><\/div><div class='flex_column av-dc88c-329297668e7f8cc3bd7718a1cc626d66 av_one_half  avia-builder-el-6  el_after_av_one_half  avia-builder-el-last  flex_column_div '     ><style type=\"text\/css\" data-created_by=\"avia_inline_auto\" id=\"style-css-av-9lh5g-eaf7e923c0272f0ea219e90d4f207458\">\n.avia-image-container.av-9lh5g-eaf7e923c0272f0ea219e90d4f207458 img.avia_image{\nbox-shadow:none;\n}\n.avia-image-container.av-9lh5g-eaf7e923c0272f0ea219e90d4f207458 .av-image-caption-overlay-center{\ncolor:#ffffff;\n}\n<\/style>\n<div  class='avia-image-container av-9lh5g-eaf7e923c0272f0ea219e90d4f207458 av-styling- avia-align-center  avia-builder-el-7  avia-builder-el-no-sibling '   itemprop=\"image\" itemscope=\"itemscope\" itemtype=\"https:\/\/schema.org\/ImageObject\" ><div class=\"avia-image-container-inner\"><div class=\"avia-image-overlay-wrap\"><a href=\"https:\/\/www.it-systems-consulting.de\/index.php\/kompetenz\/\" class='avia_image' ><img decoding=\"async\" class='wp-image-848 avia-img-lazy-loading-not-848 avia_image ' src=\"https:\/\/www.it-systems-consulting.de\/wp-content\/uploads\/2023\/02\/Renaissance-3.jpg\" alt='' title=''  height=\"500\" width=\"800\"  itemprop=\"thumbnailUrl\" srcset=\"https:\/\/www.it-systems-consulting.de\/wp-content\/uploads\/2023\/02\/Renaissance-3.jpg 800w, https:\/\/www.it-systems-consulting.de\/wp-content\/uploads\/2023\/02\/Renaissance-3-300x188.jpg 300w, https:\/\/www.it-systems-consulting.de\/wp-content\/uploads\/2023\/02\/Renaissance-3-768x480.jpg 768w, https:\/\/www.it-systems-consulting.de\/wp-content\/uploads\/2023\/02\/Renaissance-3-705x441.jpg 705w\" sizes=\"(max-width: 800px) 100vw, 800px\" \/><\/a><\/div><\/div><\/div><\/div><\/div><\/div><\/div><!-- close content main div --><\/div><\/div><div id='after_section_1'  class='main_color av_default_container_wrap container_wrap sidebar_right'  ><div class='container av-section-cont-open' ><div class='template-page content  av-content-small alpha units'><div class='post-entry post-entry-type-page post-entry-548'><div class='entry-content-wrapper clearfix'>\n","protected":false},"excerpt":{"rendered":"","protected":false},"author":4,"featured_media":0,"parent":0,"menu_order":0,"comment_status":"closed","ping_status":"closed","template":"","meta":{"inline_featured_image":false,"footnotes":""},"class_list":["post-548","page","type-page","status-publish","hentry"],"_links":{"self":[{"href":"https:\/\/www.it-systems-consulting.de\/index.php\/wp-json\/wp\/v2\/pages\/548","targetHints":{"allow":["GET"]}}],"collection":[{"href":"https:\/\/www.it-systems-consulting.de\/index.php\/wp-json\/wp\/v2\/pages"}],"about":[{"href":"https:\/\/www.it-systems-consulting.de\/index.php\/wp-json\/wp\/v2\/types\/page"}],"author":[{"embeddable":true,"href":"https:\/\/www.it-systems-consulting.de\/index.php\/wp-json\/wp\/v2\/users\/4"}],"replies":[{"embeddable":true,"href":"https:\/\/www.it-systems-consulting.de\/index.php\/wp-json\/wp\/v2\/comments?post=548"}],"version-history":[{"count":7,"href":"https:\/\/www.it-systems-consulting.de\/index.php\/wp-json\/wp\/v2\/pages\/548\/revisions"}],"predecessor-version":[{"id":1034,"href":"https:\/\/www.it-systems-consulting.de\/index.php\/wp-json\/wp\/v2\/pages\/548\/revisions\/1034"}],"wp:attachment":[{"href":"https:\/\/www.it-systems-consulting.de\/index.php\/wp-json\/wp\/v2\/media?parent=548"}],"curies":[{"name":"wp","href":"https:\/\/api.w.org\/{rel}","templated":true}]}}